{"id":3137,"date":"2021-08-15T16:53:18","date_gmt":"2021-08-15T16:53:18","guid":{"rendered":"https:\/\/etanaka.tk\/?page_id=3137"},"modified":"2022-06-02T16:02:49","modified_gmt":"2022-06-02T16:02:49","slug":"marco-legal","status":"publish","type":"page","link":"https:\/\/hti.mirex.gob.do\/consular\/juana-mendez\/marco-legal\/","title":{"rendered":"Marco Legal"},"content":{"rendered":"\t\t<div data-elementor-type=\"wp-page\" data-elementor-id=\"3137\" class=\"elementor elementor-3137\" data-elementor-post-type=\"page\">\n\t\t\t\t\t\t<section class=\"elementor-section elementor-top-section elementor-element elementor-element-08f1789 elementor-section-height-min-height elementor-section-boxed elementor-section-height-default elementor-section-items-middle\" data-id=\"08f1789\" data-element_type=\"section\" data-e-type=\"section\" data-settings=\"{&quot;background_background&quot;:&quot;slideshow&quot;,&quot;background_slideshow_gallery&quot;:[{&quot;id&quot;:3463,&quot;url&quot;:&quot;https:\\\/\\\/hti.mirex.gob.do\\\/consular\\\/juana-mendez\\\/wp-content\\\/uploads\\\/2021\\\/08\\\/sliderservicios-4-2.png&quot;},{&quot;id&quot;:3464,&quot;url&quot;:&quot;https:\\\/\\\/hti.mirex.gob.do\\\/consular\\\/juana-mendez\\\/wp-content\\\/uploads\\\/2021\\\/08\\\/sliderservicios-5.png&quot;}],&quot;background_slideshow_loop&quot;:&quot;yes&quot;,&quot;background_slideshow_slide_duration&quot;:5000,&quot;background_slideshow_slide_transition&quot;:&quot;fade&quot;,&quot;background_slideshow_transition_duration&quot;:500}\">\n\t\t\t\t\t\t\t<div class=\"elementor-background-overlay\"><\/div>\n\t\t\t\t\t\t\t<div class=\"elementor-container elementor-column-gap-default\">\n\t\t\t\t\t<div class=\"elementor-column elementor-col-100 elementor-top-column elementor-element elementor-element-c9a19e4\" data-id=\"c9a19e4\" data-element_type=\"column\" data-e-type=\"column\">\n\t\t\t<div class=\"elementor-widget-wrap elementor-element-populated\">\n\t\t\t\t\t\t<div class=\"elementor-element elementor-element-042a157 elementor-invisible elementor-widget elementor-widget-heading\" data-id=\"042a157\" data-element_type=\"widget\" data-e-type=\"widget\" data-settings=\"{&quot;_animation&quot;:&quot;fadeInDown&quot;}\" data-widget_type=\"heading.default\">\n\t\t\t\t<div class=\"elementor-widget-container\">\n\t\t\t\t\t<h2 class=\"elementor-heading-title elementor-size-medium\">SOBRE NOSOTROS<\/h2>\t\t\t\t<\/div>\n\t\t\t\t<\/div>\n\t\t\t\t<div class=\"elementor-element elementor-element-e15efb1 elementor-invisible elementor-widget elementor-widget-heading\" data-id=\"e15efb1\" data-element_type=\"widget\" data-e-type=\"widget\" data-settings=\"{&quot;_animation&quot;:&quot;fadeInDown&quot;}\" data-widget_type=\"heading.default\">\n\t\t\t\t<div class=\"elementor-widget-container\">\n\t\t\t\t\t<h2 class=\"elementor-heading-title elementor-size-default\">MARCO LEGAL<\/h2>\t\t\t\t<\/div>\n\t\t\t\t<\/div>\n\t\t\t\t\t<\/div>\n\t\t<\/div>\n\t\t\t\t\t<\/div>\n\t\t<\/section>\n\t\t\t\t<section class=\"elementor-section elementor-top-section elementor-element elementor-element-3bff9a1 breadcrumbs elementor-section-boxed elementor-section-height-default elementor-section-height-default\" data-id=\"3bff9a1\" data-element_type=\"section\" data-e-type=\"section\" data-settings=\"{&quot;background_background&quot;:&quot;classic&quot;}\">\n\t\t\t\t\t\t<div class=\"elementor-container elementor-column-gap-default\">\n\t\t\t\t\t<div class=\"elementor-column elementor-col-100 elementor-top-column elementor-element elementor-element-65784ab\" data-id=\"65784ab\" data-element_type=\"column\" data-e-type=\"column\">\n\t\t\t<div class=\"elementor-widget-wrap elementor-element-populated\">\n\t\t\t\t\t\t<div class=\"elementor-element elementor-element-f709475 elementor-widget elementor-widget-text-editor\" data-id=\"f709475\" data-element_type=\"widget\" data-e-type=\"widget\" data-widget_type=\"text-editor.default\">\n\t\t\t\t<div class=\"elementor-widget-container\">\n\t\t\t\t\t\t\t\t\t<div class=\"breadcrumbs\"><strong>Est\u00e1s aqu\u00ed: <\/strong><a class=\"crumb-inactive\" href=\"\/\">Inicio<\/a> \u00bb <a class=\"crumb-inactive\" href=\"#\">Sobre Nosotros<\/a> \u00bb <span class=\"crumb-active\">Marco Legal<\/span><\/div>\t\t\t\t\t\t\t\t<\/div>\n\t\t\t\t<\/div>\n\t\t\t\t\t<\/div>\n\t\t<\/div>\n\t\t\t\t\t<\/div>\n\t\t<\/section>\n\t\t\t\t<section class=\"elementor-section elementor-top-section elementor-element elementor-element-c12623b elementor-section-boxed elementor-section-height-default elementor-section-height-default\" data-id=\"c12623b\" data-element_type=\"section\" data-e-type=\"section\">\n\t\t\t\t\t\t<div class=\"elementor-container elementor-column-gap-default\">\n\t\t\t\t\t<div class=\"elementor-column elementor-col-50 elementor-top-column elementor-element elementor-element-e1e9cca elementor-hidden-tablet elementor-hidden-mobile\" data-id=\"e1e9cca\" data-element_type=\"column\" data-e-type=\"column\">\n\t\t\t<div class=\"elementor-widget-wrap elementor-element-populated\">\n\t\t\t\t\t\t<section class=\"elementor-section elementor-inner-section elementor-element elementor-element-1515a1d animated-slow elementor-section-boxed elementor-section-height-default elementor-section-height-default elementor-invisible\" data-id=\"1515a1d\" data-element_type=\"section\" data-e-type=\"section\" data-settings=\"{&quot;animation&quot;:&quot;fadeInLeft&quot;}\">\n\t\t\t\t\t\t<div class=\"elementor-container elementor-column-gap-default\">\n\t\t\t\t\t<div class=\"elementor-column elementor-col-100 elementor-inner-column elementor-element elementor-element-b83718a\" data-id=\"b83718a\" data-element_type=\"column\" data-e-type=\"column\">\n\t\t\t<div class=\"elementor-widget-wrap elementor-element-populated\">\n\t\t\t\t\t\t<div class=\"elementor-element elementor-element-ffa10f6 elementor-widget elementor-widget-heading\" data-id=\"ffa10f6\" data-element_type=\"widget\" data-e-type=\"widget\" data-widget_type=\"heading.default\">\n\t\t\t\t<div class=\"elementor-widget-container\">\n\t\t\t\t\t<h6 class=\"elementor-heading-title elementor-size-default\">ENLACES DE LA SECCI\u00d3N<\/h6>\t\t\t\t<\/div>\n\t\t\t\t<\/div>\n\t\t\t\t<div class=\"elementor-element elementor-element-bba4da1 elementor-nav-menu__align-start elementor-nav-menu--dropdown-tablet elementor-nav-menu__text-align-aside elementor-nav-menu--toggle elementor-nav-menu--burger elementor-widget elementor-widget-nav-menu\" data-id=\"bba4da1\" data-element_type=\"widget\" data-e-type=\"widget\" data-settings=\"{&quot;layout&quot;:&quot;vertical&quot;,&quot;submenu_icon&quot;:{&quot;value&quot;:&quot;&lt;i class=\\&quot;fas fa-caret-down\\&quot; aria-hidden=\\&quot;true\\&quot;&gt;&lt;\\\/i&gt;&quot;,&quot;library&quot;:&quot;fa-solid&quot;},&quot;toggle&quot;:&quot;burger&quot;}\" data-widget_type=\"nav-menu.default\">\n\t\t\t\t<div class=\"elementor-widget-container\">\n\t\t\t\t\t\t\t\t<nav aria-label=\"Menu\" class=\"elementor-nav-menu--main elementor-nav-menu__container elementor-nav-menu--layout-vertical e--pointer-none\">\n\t\t\t\t<ul id=\"menu-1-bba4da1\" class=\"elementor-nav-menu sm-vertical\"><li class=\"menu-item menu-item-type-post_type menu-item-object-page menu-item-3082\"><a href=\"https:\/\/hti.mirex.gob.do\/consular\/juana-mendez\/quienes-somos\/\" class=\"elementor-item menu-link\">\u00bfQui\u00e9nes Somos?<\/a><\/li>\n<li class=\"menu-item menu-item-type-post_type menu-item-object-page menu-item-3089\"><a href=\"https:\/\/hti.mirex.gob.do\/consular\/juana-mendez\/historia\/\" class=\"elementor-item menu-link\">Historia<\/a><\/li>\n<li class=\"menu-item menu-item-type-post_type menu-item-object-page menu-item-3105\"><a href=\"https:\/\/hti.mirex.gob.do\/consular\/juana-mendez\/organigrama\/\" class=\"elementor-item menu-link\">Organigrama<\/a><\/li>\n<li class=\"menu-item menu-item-type-post_type menu-item-object-page menu-item-3121\"><a href=\"https:\/\/hti.mirex.gob.do\/consular\/juana-mendez\/consul-general\/\" class=\"elementor-item menu-link\">Despacho del C\u00f3nsul<\/a><\/li>\n<li class=\"menu-item menu-item-type-post_type menu-item-object-page menu-item-3142\"><a href=\"https:\/\/hti.mirex.gob.do\/consular\/juana-mendez\/marco-legal\/\" class=\"elementor-item menu-link\">Marco Legal<\/a><\/li>\n<\/ul>\t\t\t<\/nav>\n\t\t\t\t\t<div class=\"elementor-menu-toggle\" role=\"button\" tabindex=\"0\" aria-label=\"Menu Toggle\" aria-expanded=\"false\">\n\t\t\t<i aria-hidden=\"true\" role=\"presentation\" class=\"elementor-menu-toggle__icon--open eicon-menu-bar\"><\/i><i aria-hidden=\"true\" role=\"presentation\" class=\"elementor-menu-toggle__icon--close eicon-close\"><\/i>\t\t<\/div>\n\t\t\t\t\t<nav class=\"elementor-nav-menu--dropdown elementor-nav-menu__container\" aria-hidden=\"true\">\n\t\t\t\t<ul id=\"menu-2-bba4da1\" class=\"elementor-nav-menu sm-vertical\"><li class=\"menu-item menu-item-type-post_type menu-item-object-page menu-item-3082\"><a href=\"https:\/\/hti.mirex.gob.do\/consular\/juana-mendez\/quienes-somos\/\" class=\"elementor-item menu-link\" tabindex=\"-1\">\u00bfQui\u00e9nes Somos?<\/a><\/li>\n<li class=\"menu-item menu-item-type-post_type menu-item-object-page menu-item-3089\"><a href=\"https:\/\/hti.mirex.gob.do\/consular\/juana-mendez\/historia\/\" class=\"elementor-item menu-link\" tabindex=\"-1\">Historia<\/a><\/li>\n<li class=\"menu-item menu-item-type-post_type menu-item-object-page menu-item-3105\"><a href=\"https:\/\/hti.mirex.gob.do\/consular\/juana-mendez\/organigrama\/\" class=\"elementor-item menu-link\" tabindex=\"-1\">Organigrama<\/a><\/li>\n<li class=\"menu-item menu-item-type-post_type menu-item-object-page menu-item-3121\"><a href=\"https:\/\/hti.mirex.gob.do\/consular\/juana-mendez\/consul-general\/\" class=\"elementor-item menu-link\" tabindex=\"-1\">Despacho del C\u00f3nsul<\/a><\/li>\n<li class=\"menu-item menu-item-type-post_type menu-item-object-page menu-item-3142\"><a href=\"https:\/\/hti.mirex.gob.do\/consular\/juana-mendez\/marco-legal\/\" class=\"elementor-item menu-link\" tabindex=\"-1\">Marco Legal<\/a><\/li>\n<\/ul>\t\t\t<\/nav>\n\t\t\t\t\t\t<\/div>\n\t\t\t\t<\/div>\n\t\t\t\t\t<\/div>\n\t\t<\/div>\n\t\t\t\t\t<\/div>\n\t\t<\/section>\n\t\t\t\t\t<\/div>\n\t\t<\/div>\n\t\t\t\t<div class=\"elementor-column elementor-col-50 elementor-top-column elementor-element elementor-element-15b3942 elementor-invisible\" data-id=\"15b3942\" data-element_type=\"column\" data-e-type=\"column\" data-settings=\"{&quot;background_background&quot;:&quot;classic&quot;,&quot;animation&quot;:&quot;fadeInUp&quot;}\">\n\t\t\t<div class=\"elementor-widget-wrap elementor-element-populated\">\n\t\t\t\t\t\t<div class=\"elementor-element elementor-element-0a1ce9b elementor-share-buttons--skin-boxed elementor-share-buttons--color-custom elementor-share-buttons--view-icon-text elementor-share-buttons--shape-square elementor-grid-0 elementor-widget elementor-widget-share-buttons\" data-id=\"0a1ce9b\" data-element_type=\"widget\" data-e-type=\"widget\" data-widget_type=\"share-buttons.default\">\n\t\t\t\t<div class=\"elementor-widget-container\">\n\t\t\t\t\t\t\t<div class=\"elementor-grid\" role=\"list\">\n\t\t\t\t\t\t\t\t<div class=\"elementor-grid-item\" role=\"listitem\">\n\t\t\t\t\t\t<div class=\"elementor-share-btn elementor-share-btn_print\" role=\"button\" tabindex=\"0\" aria-label=\"Share on print\">\n\t\t\t\t\t\t\t\t\t\t\t\t\t\t\t<span class=\"elementor-share-btn__icon\">\n\t\t\t\t\t\t\t\t<i class=\"fas fa-print\" aria-hidden=\"true\"><\/i>\t\t\t\t\t\t\t<\/span>\n\t\t\t\t\t\t\t\t\t\t\t\t\t\t\t\t\t\t\t\t\t\t<div class=\"elementor-share-btn__text\">\n\t\t\t\t\t\t\t\t\t\t\t\t\t\t\t\t\t\t\t<span class=\"elementor-share-btn__title\">\n\t\t\t\t\t\t\t\t\t\tImprimir\t\t\t\t\t\t\t\t\t<\/span>\n\t\t\t\t\t\t\t\t\t\t\t\t\t\t\t\t\t<\/div>\n\t\t\t\t\t\t\t\t\t\t\t\t\t<\/div>\n\t\t\t\t\t<\/div>\n\t\t\t\t\t\t\t\t\t<div class=\"elementor-grid-item\" role=\"listitem\">\n\t\t\t\t\t\t<div class=\"elementor-share-btn elementor-share-btn_email\" role=\"button\" tabindex=\"0\" aria-label=\"Share on email\">\n\t\t\t\t\t\t\t\t\t\t\t\t\t\t\t<span class=\"elementor-share-btn__icon\">\n\t\t\t\t\t\t\t\t<i class=\"fas fa-envelope\" aria-hidden=\"true\"><\/i>\t\t\t\t\t\t\t<\/span>\n\t\t\t\t\t\t\t\t\t\t\t\t\t\t\t\t\t\t\t\t\t\t<div class=\"elementor-share-btn__text\">\n\t\t\t\t\t\t\t\t\t\t\t\t\t\t\t\t\t\t\t<span class=\"elementor-share-btn__title\">\n\t\t\t\t\t\t\t\t\t\tCorreo Electr\u00f3nico\t\t\t\t\t\t\t\t\t<\/span>\n\t\t\t\t\t\t\t\t\t\t\t\t\t\t\t\t\t<\/div>\n\t\t\t\t\t\t\t\t\t\t\t\t\t<\/div>\n\t\t\t\t\t<\/div>\n\t\t\t\t\t\t<\/div>\n\t\t\t\t\t\t<\/div>\n\t\t\t\t<\/div>\n\t\t\t\t<div class=\"elementor-element elementor-element-c8bcc55 elementor-widget elementor-widget-text-editor\" data-id=\"c8bcc55\" data-element_type=\"widget\" data-e-type=\"widget\" data-widget_type=\"text-editor.default\">\n\t\t\t\t<div class=\"elementor-widget-container\">\n\t\t\t\t\t\t\t\t\t<p>Las misiones consulares de la Rep\u00fablica Dominicana se rigen por la&nbsp;<strong>Ley No. 630-16<\/strong>&nbsp;del 28 de julio del a\u00f1o 2016, sobre el Ministerio de Relaciones Exteriores.<\/p>\n<p>Las relaciones exteriores de la Rep\u00fablica est\u00e1n dirigidas por el Presidente de la Rep\u00fablica Dominicana. El Ministerio de Relaciones Exteriores de la Rep\u00fablica Dominicana tiene como objetivo apoyarlo a trav\u00e9s del Ministro de Relaciones Exteriores, en coordinaci\u00f3n sistem\u00e1tica de los principios fundamentales de la pol\u00edtica exterior de la Rep\u00fablica Dominicana, la direcci\u00f3n y supervisi\u00f3n de las misiones diplom\u00e1ticas y servicios consulares, as\u00ed como la gesti\u00f3n de asuntos inherentes al Ministerio.<\/p>\t\t\t\t\t\t\t\t<\/div>\n\t\t\t\t<\/div>\n\t\t\t\t\t<\/div>\n\t\t<\/div>\n\t\t\t\t\t<\/div>\n\t\t<\/section>\n\t\t\t\t<\/div>\n\t\t","protected":false},"excerpt":{"rendered":"<p>SOBRE NOSOTROS MARCO LEGAL Est\u00e1s aqu\u00ed: Inicio \u00bb Sobre Nosotros \u00bb Marco Legal ENLACES DE LA SECCI\u00d3N Share on print Imprimir Share on email Correo Electr\u00f3nico Las misiones consulares de la Rep\u00fablica Dominicana se rigen por la&nbsp;Ley No. 630-16&nbsp;del 28 de julio del a\u00f1o 2016, sobre el Ministerio de Relaciones Exteriores. Las relaciones exteriores de [&hellip;]<\/p>\n","protected":false},"author":1,"featured_media":0,"parent":0,"menu_order":0,"comment_status":"closed","ping_status":"closed","template":"","meta":{"site-sidebar-layout":"no-sidebar","site-content-layout":"page-builder","ast-site-content-layout":"default","site-content-style":"default","site-sidebar-style":"default","ast-global-header-display":"","ast-banner-title-visibility":"","ast-main-header-display":"","ast-hfb-above-header-display":"","ast-hfb-below-header-display":"","ast-hfb-mobile-header-display":"","site-post-title":"disabled","ast-breadcrumbs-content":"","ast-featured-img":"disabled","footer-sml-layout":"","ast-disable-related-posts":"","theme-transparent-header-meta":"default","adv-header-id-meta":"","stick-header-meta":"","header-above-stick-meta":"","header-main-stick-meta":"","header-below-stick-meta":"","astra-migrate-meta-layouts":"default","ast-page-background-enabled":"default","ast-page-background-meta":{"desktop":{"background-color":"","background-image":"","background-repeat":"repeat","background-position":"center center","background-size":"auto","background-attachment":"scroll","background-type":"","background-media":"","overlay-type":"","overlay-color":"","overlay-opacity":"","overlay-gradient":""},"tablet":{"background-color":"","background-image":"","background-repeat":"repeat","background-position":"center center","background-size":"auto","background-attachment":"scroll","background-type":"","background-media":"","overlay-type":"","overlay-color":"","overlay-opacity":"","overlay-gradient":""},"mobile":{"background-color":"","background-image":"","background-repeat":"repeat","background-position":"center center","background-size":"auto","background-attachment":"scroll","background-type":"","background-media":"","overlay-type":"","overlay-color":"","overlay-opacity":"","overlay-gradient":""}},"ast-content-background-meta":{"desktop":{"background-color":"var(--ast-global-color-5)","background-image":"","background-repeat":"repeat","background-position":"center center","background-size":"auto","background-attachment":"scroll","background-type":"","background-media":"","overlay-type":"","overlay-color":"","overlay-opacity":"","overlay-gradient":""},"tablet":{"background-color":"var(--ast-global-color-5)","background-image":"","background-repeat":"repeat","background-position":"center center","background-size":"auto","background-attachment":"scroll","background-type":"","background-media":"","overlay-type":"","overlay-color":"","overlay-opacity":"","overlay-gradient":""},"mobile":{"background-color":"var(--ast-global-color-5)","background-image":"","background-repeat":"repeat","background-position":"center center","background-size":"auto","background-attachment":"scroll","background-type":"","background-media":"","overlay-type":"","overlay-color":"","overlay-opacity":"","overlay-gradient":""}},"footnotes":""},"categories":[36],"tags":[],"class_list":["post-3137","page","type-page","status-publish","hentry","category-sobre-nosotros"],"yoast_head":"<!-- This site is optimized with the Yoast SEO plugin v27.3 - https:\/\/yoast.com\/product\/yoast-seo-wordpress\/ -->\n<title>Marco Legal - Consulado General de la Rep\u00fablica Dominicana en Juana M\u00e9ndez, Hait\u00ed<\/title>\n<meta name=\"robots\" content=\"index, follow, max-snippet:-1, max-image-preview:large, max-video-preview:-1\" \/>\n<link rel=\"canonical\" href=\"https:\/\/hti.mirex.gob.do\/consular\/juana-mendez\/marco-legal\/\" \/>\n<meta property=\"og:locale\" content=\"en_US\" \/>\n<meta property=\"og:type\" content=\"article\" \/>\n<meta property=\"og:title\" content=\"Marco Legal - Consulado General de la Rep\u00fablica Dominicana en Juana M\u00e9ndez, Hait\u00ed\" \/>\n<meta property=\"og:description\" content=\"SOBRE NOSOTROS MARCO LEGAL Est\u00e1s aqu\u00ed: Inicio \u00bb Sobre Nosotros \u00bb Marco Legal ENLACES DE LA SECCI\u00d3N Share on print Imprimir Share on email Correo Electr\u00f3nico Las misiones consulares de la Rep\u00fablica Dominicana se rigen por la&nbsp;Ley No. 630-16&nbsp;del 28 de julio del a\u00f1o 2016, sobre el Ministerio de Relaciones Exteriores. Las relaciones exteriores de [&hellip;]\" \/>\n<meta property=\"og:url\" content=\"https:\/\/hti.mirex.gob.do\/consular\/juana-mendez\/marco-legal\/\" \/>\n<meta property=\"og:site_name\" content=\"Consulado General de la Rep\u00fablica Dominicana en Juana M\u00e9ndez, Hait\u00ed\" \/>\n<meta property=\"article:modified_time\" content=\"2022-06-02T16:02:49+00:00\" \/>\n<meta name=\"twitter:card\" content=\"summary_large_image\" \/>\n<meta name=\"twitter:label1\" content=\"Est. reading time\" \/>\n\t<meta name=\"twitter:data1\" content=\"12 minutes\" \/>\n<script type=\"application\/ld+json\" class=\"yoast-schema-graph\">{\"@context\":\"https:\\\/\\\/schema.org\",\"@graph\":[{\"@type\":\"WebPage\",\"@id\":\"https:\\\/\\\/hti.mirex.gob.do\\\/consular\\\/juana-mendez\\\/marco-legal\\\/\",\"url\":\"https:\\\/\\\/hti.mirex.gob.do\\\/consular\\\/juana-mendez\\\/marco-legal\\\/\",\"name\":\"Marco Legal - Consulado General de la Rep\u00fablica Dominicana en Juana M\u00e9ndez, Hait\u00ed\",\"isPartOf\":{\"@id\":\"https:\\\/\\\/hti.mirex.gob.do\\\/consular\\\/juana-mendez\\\/#website\"},\"datePublished\":\"2021-08-15T16:53:18+00:00\",\"dateModified\":\"2022-06-02T16:02:49+00:00\",\"breadcrumb\":{\"@id\":\"https:\\\/\\\/hti.mirex.gob.do\\\/consular\\\/juana-mendez\\\/marco-legal\\\/#breadcrumb\"},\"inLanguage\":\"en-US\",\"potentialAction\":[{\"@type\":\"ReadAction\",\"target\":[\"https:\\\/\\\/hti.mirex.gob.do\\\/consular\\\/juana-mendez\\\/marco-legal\\\/\"]}]},{\"@type\":\"BreadcrumbList\",\"@id\":\"https:\\\/\\\/hti.mirex.gob.do\\\/consular\\\/juana-mendez\\\/marco-legal\\\/#breadcrumb\",\"itemListElement\":[{\"@type\":\"ListItem\",\"position\":1,\"name\":\"Inicio\",\"item\":\"https:\\\/\\\/hti.mirex.gob.do\\\/consular\\\/juana-mendez\\\/\"},{\"@type\":\"ListItem\",\"position\":2,\"name\":\"Marco Legal\"}]},{\"@type\":\"WebSite\",\"@id\":\"https:\\\/\\\/hti.mirex.gob.do\\\/consular\\\/juana-mendez\\\/#website\",\"url\":\"https:\\\/\\\/hti.mirex.gob.do\\\/consular\\\/juana-mendez\\\/\",\"name\":\"Consulado General de la Rep\u00fablica Dominicana en Juana M\u00e9ndez, Hait\u00ed\",\"description\":\"\",\"publisher\":{\"@id\":\"https:\\\/\\\/hti.mirex.gob.do\\\/consular\\\/juana-mendez\\\/#organization\"},\"potentialAction\":[{\"@type\":\"SearchAction\",\"target\":{\"@type\":\"EntryPoint\",\"urlTemplate\":\"https:\\\/\\\/hti.mirex.gob.do\\\/consular\\\/juana-mendez\\\/?s={search_term_string}\"},\"query-input\":{\"@type\":\"PropertyValueSpecification\",\"valueRequired\":true,\"valueName\":\"search_term_string\"}}],\"inLanguage\":\"en-US\"},{\"@type\":\"Organization\",\"@id\":\"https:\\\/\\\/hti.mirex.gob.do\\\/consular\\\/juana-mendez\\\/#organization\",\"name\":\"Consulado General de la Rep\u00fablica Dominicana en Juana M\u00e9ndez, Hait\u00ed\",\"url\":\"https:\\\/\\\/hti.mirex.gob.do\\\/consular\\\/juana-mendez\\\/\",\"logo\":{\"@type\":\"ImageObject\",\"inLanguage\":\"en-US\",\"@id\":\"https:\\\/\\\/hti.mirex.gob.do\\\/consular\\\/juana-mendez\\\/#\\\/schema\\\/logo\\\/image\\\/\",\"url\":\"https:\\\/\\\/hti.mirex.gob.do\\\/consular\\\/juana-mendez\\\/wp-content\\\/uploads\\\/2021\\\/12\\\/CONSULADO-JUANA-MENDEZ-HAITI-RD-04.png\",\"contentUrl\":\"https:\\\/\\\/hti.mirex.gob.do\\\/consular\\\/juana-mendez\\\/wp-content\\\/uploads\\\/2021\\\/12\\\/CONSULADO-JUANA-MENDEZ-HAITI-RD-04.png\",\"width\":4163,\"height\":1788,\"caption\":\"Consulado General de la Rep\u00fablica Dominicana en Juana M\u00e9ndez, Hait\u00ed\"},\"image\":{\"@id\":\"https:\\\/\\\/hti.mirex.gob.do\\\/consular\\\/juana-mendez\\\/#\\\/schema\\\/logo\\\/image\\\/\"}}]}<\/script>\n<!-- \/ Yoast SEO plugin. -->","yoast_head_json":{"title":"Marco Legal - Consulado General de la Rep\u00fablica Dominicana en Juana M\u00e9ndez, Hait\u00ed","robots":{"index":"index","follow":"follow","max-snippet":"max-snippet:-1","max-image-preview":"max-image-preview:large","max-video-preview":"max-video-preview:-1"},"canonical":"https:\/\/hti.mirex.gob.do\/consular\/juana-mendez\/marco-legal\/","og_locale":"en_US","og_type":"article","og_title":"Marco Legal - Consulado General de la Rep\u00fablica Dominicana en Juana M\u00e9ndez, Hait\u00ed","og_description":"SOBRE NOSOTROS MARCO LEGAL Est\u00e1s aqu\u00ed: Inicio \u00bb Sobre Nosotros \u00bb Marco Legal ENLACES DE LA SECCI\u00d3N Share on print Imprimir Share on email Correo Electr\u00f3nico Las misiones consulares de la Rep\u00fablica Dominicana se rigen por la&nbsp;Ley No. 630-16&nbsp;del 28 de julio del a\u00f1o 2016, sobre el Ministerio de Relaciones Exteriores. Las relaciones exteriores de [&hellip;]","og_url":"https:\/\/hti.mirex.gob.do\/consular\/juana-mendez\/marco-legal\/","og_site_name":"Consulado General de la Rep\u00fablica Dominicana en Juana M\u00e9ndez, Hait\u00ed","article_modified_time":"2022-06-02T16:02:49+00:00","twitter_card":"summary_large_image","twitter_misc":{"Est. reading time":"12 minutes"},"schema":{"@context":"https:\/\/schema.org","@graph":[{"@type":"WebPage","@id":"https:\/\/hti.mirex.gob.do\/consular\/juana-mendez\/marco-legal\/","url":"https:\/\/hti.mirex.gob.do\/consular\/juana-mendez\/marco-legal\/","name":"Marco Legal - Consulado General de la Rep\u00fablica Dominicana en Juana M\u00e9ndez, Hait\u00ed","isPartOf":{"@id":"https:\/\/hti.mirex.gob.do\/consular\/juana-mendez\/#website"},"datePublished":"2021-08-15T16:53:18+00:00","dateModified":"2022-06-02T16:02:49+00:00","breadcrumb":{"@id":"https:\/\/hti.mirex.gob.do\/consular\/juana-mendez\/marco-legal\/#breadcrumb"},"inLanguage":"en-US","potentialAction":[{"@type":"ReadAction","target":["https:\/\/hti.mirex.gob.do\/consular\/juana-mendez\/marco-legal\/"]}]},{"@type":"BreadcrumbList","@id":"https:\/\/hti.mirex.gob.do\/consular\/juana-mendez\/marco-legal\/#breadcrumb","itemListElement":[{"@type":"ListItem","position":1,"name":"Inicio","item":"https:\/\/hti.mirex.gob.do\/consular\/juana-mendez\/"},{"@type":"ListItem","position":2,"name":"Marco Legal"}]},{"@type":"WebSite","@id":"https:\/\/hti.mirex.gob.do\/consular\/juana-mendez\/#website","url":"https:\/\/hti.mirex.gob.do\/consular\/juana-mendez\/","name":"Consulado General de la Rep\u00fablica Dominicana en Juana M\u00e9ndez, Hait\u00ed","description":"","publisher":{"@id":"https:\/\/hti.mirex.gob.do\/consular\/juana-mendez\/#organization"},"potentialAction":[{"@type":"SearchAction","target":{"@type":"EntryPoint","urlTemplate":"https:\/\/hti.mirex.gob.do\/consular\/juana-mendez\/?s={search_term_string}"},"query-input":{"@type":"PropertyValueSpecification","valueRequired":true,"valueName":"search_term_string"}}],"inLanguage":"en-US"},{"@type":"Organization","@id":"https:\/\/hti.mirex.gob.do\/consular\/juana-mendez\/#organization","name":"Consulado General de la Rep\u00fablica Dominicana en Juana M\u00e9ndez, Hait\u00ed","url":"https:\/\/hti.mirex.gob.do\/consular\/juana-mendez\/","logo":{"@type":"ImageObject","inLanguage":"en-US","@id":"https:\/\/hti.mirex.gob.do\/consular\/juana-mendez\/#\/schema\/logo\/image\/","url":"https:\/\/hti.mirex.gob.do\/consular\/juana-mendez\/wp-content\/uploads\/2021\/12\/CONSULADO-JUANA-MENDEZ-HAITI-RD-04.png","contentUrl":"https:\/\/hti.mirex.gob.do\/consular\/juana-mendez\/wp-content\/uploads\/2021\/12\/CONSULADO-JUANA-MENDEZ-HAITI-RD-04.png","width":4163,"height":1788,"caption":"Consulado General de la Rep\u00fablica Dominicana en Juana M\u00e9ndez, Hait\u00ed"},"image":{"@id":"https:\/\/hti.mirex.gob.do\/consular\/juana-mendez\/#\/schema\/logo\/image\/"}}]}},"_links":{"self":[{"href":"https:\/\/hti.mirex.gob.do\/consular\/juana-mendez\/wp-json\/wp\/v2\/pages\/3137","targetHints":{"allow":["GET"]}}],"collection":[{"href":"https:\/\/hti.mirex.gob.do\/consular\/juana-mendez\/wp-json\/wp\/v2\/pages"}],"about":[{"href":"https:\/\/hti.mirex.gob.do\/consular\/juana-mendez\/wp-json\/wp\/v2\/types\/page"}],"author":[{"embeddable":true,"href":"https:\/\/hti.mirex.gob.do\/consular\/juana-mendez\/wp-json\/wp\/v2\/users\/1"}],"replies":[{"embeddable":true,"href":"https:\/\/hti.mirex.gob.do\/consular\/juana-mendez\/wp-json\/wp\/v2\/comments?post=3137"}],"version-history":[{"count":58,"href":"https:\/\/hti.mirex.gob.do\/consular\/juana-mendez\/wp-json\/wp\/v2\/pages\/3137\/revisions"}],"predecessor-version":[{"id":5883,"href":"https:\/\/hti.mirex.gob.do\/consular\/juana-mendez\/wp-json\/wp\/v2\/pages\/3137\/revisions\/5883"}],"wp:attachment":[{"href":"https:\/\/hti.mirex.gob.do\/consular\/juana-mendez\/wp-json\/wp\/v2\/media?parent=3137"}],"wp:term":[{"taxonomy":"category","embeddable":true,"href":"https:\/\/hti.mirex.gob.do\/consular\/juana-mendez\/wp-json\/wp\/v2\/categories?post=3137"},{"taxonomy":"post_tag","embeddable":true,"href":"https:\/\/hti.mirex.gob.do\/consular\/juana-mendez\/wp-json\/wp\/v2\/tags?post=3137"}],"curies":[{"name":"wp","href":"https:\/\/api.w.org\/{rel}","templated":true}]}}